{"id":6575,"date":"2022-12-30T15:00:05","date_gmt":"2022-12-30T14:00:05","guid":{"rendered":"https:\/\/entwurf.eckstein-wasserenthaerter.de\/?page_id=6575"},"modified":"2023-05-31T17:41:09","modified_gmt":"2023-05-31T15:41:09","slug":"vorteile","status":"publish","type":"page","link":"https:\/\/eckstein-wasserenthaerter.de\/en\/vorteile\/","title":{"rendered":"Benefits"},"content":{"rendered":"<div data-elementor-type=\"wp-page\" data-elementor-id=\"6575\" class=\"elementor elementor-6575\">\n\t\t\t\t\t\t<section class=\"elementor-section elementor-top-section elementor-element elementor-element-oxysifs elementor-section-boxed elementor-section-height-default elementor-section-height-default\" data-id=\"oxysifs\" data-element_type=\"section\">\n\t\t\t\t\t\t<div class=\"elementor-container elementor-column-gap-extended\">\n\t\t\t\t\t<div class=\"elementor-column elementor-col-100 elementor-top-column elementor-element elementor-element-ufaibvw\" data-id=\"ufaibvw\" data-element_type=\"column\">\n\t\t\t<div class=\"elementor-widget-wrap elementor-element-populated\">\n\t\t\t\t\t\t<div class=\"elementor-element elementor-element-nfklryg elementor-widget elementor-widget-text-editor\" data-id=\"nfklryg\" data-element_type=\"widget\" data-widget_type=\"text-editor.default\">\n\t\t\t\t<div class=\"elementor-widget-container\">\n\t\t\t\t\t\t\t\t\t<h2 style=\"text-align: center;\">Advantages of soft water<\/h2><p style=\"text-align: center;\"><strong>Protect yourself from limescale with our water softeners!<\/strong><\/p>\t\t\t\t\t\t\t\t<\/div>\n\t\t\t\t<\/div>\n\t\t\t\t\t<\/div>\n\t\t<\/div>\n\t\t\t\t\t<\/div>\n\t\t<\/section>\n\t\t\t\t<section class=\"elementor-section elementor-top-section elementor-element elementor-element-818cbb3 elementor-section-boxed elementor-section-height-default elementor-section-height-default\" data-id=\"818cbb3\" data-element_type=\"section\">\n\t\t\t\t\t\t<div class=\"elementor-container elementor-column-gap-default\">\n\t\t\t\t\t<div class=\"elementor-column elementor-col-100 elementor-top-column elementor-element elementor-element-e206c72\" data-id=\"e206c72\" data-element_type=\"column\">\n\t\t\t<div class=\"elementor-widget-wrap elementor-element-populated\">\n\t\t\t\t\t\t<div class=\"elementor-element elementor-element-4470831 elementor-widget elementor-widget-text-editor\" data-id=\"4470831\" data-element_type=\"widget\" data-widget_type=\"text-editor.default\">\n\t\t\t\t<div class=\"elementor-widget-container\">\n\t\t\t\t\t\t\t\t\t<div class=\"ce_text first block\"><p>Limescale damage causes high costs and should be a thing of the past. When using soft water, on the other hand, no limescale deposits form.<\/p><p>Look forward to sparkling clean bathroom fittings, shower screens and crockery. Your electrical appliances, whether irons or coffee machines, will not only look wonderfully shiny, they will also last longer with our water softener.<\/p><p><strong>\u21d2 Fewer repairs and less wear and tear<\/strong><br \/>Limescale damages your pipes and electrical appliances. Energy consumption increases and the service life of your appliances is drastically reduced. Protect yourself from unpredictable costs and prevent limescale damage.<\/p><p><strong>\u21d2 Fewer detergents and cleaning products<\/strong><br \/>Forget aggressive, sometimes acidic limescale removers. Soft tap water from our water softener system reduces the consumption of detergents and washing-up liquids by up to 50%. Enjoy sparkling fittings, glasses and surfaces. Increase the lifespan of your laundry. Decalcified water penetrates deep into the fabric and ensures a gentle wash cycle, meaning your clothes simply last longer.<\/p><p><strong>\u21d2 Fewer hygiene and care products<br \/><\/strong>Soft water causes the pores of the skin to open fully, resulting in complete body care and absolute well-being. Your skin remains soft, supple and can breathe properly again.<br \/>You can reduce your consumption of shampoo and other hygiene products by half by using soft water \u2013 and your hair will have a silky shine.<\/p><p><strong>\u21d2 More flavour<\/strong><br \/>Enjoy the full aroma of your coffee or tea, which can develop much better with soft water.<\/p><p><strong>\u21d2 Environmentally friendly<\/strong><br \/>Less detergent and cleaning products, lower heating costs, less wear and tear. These are all immediate benefits that an Eckstein water softener brings you: your clear contribution to environmental protection.<\/p><\/div>\t\t\t\t\t\t\t\t<\/div>\n\t\t\t\t<\/div>\n\t\t\t\t\t<\/div>\n\t\t<\/div>\n\t\t\t\t\t<\/div>\n\t\t<\/section>\n\t\t\t\t<section class=\"elementor-section elementor-top-section elementor-element elementor-element-eca5a41 elementor-section-boxed elementor-section-height-default elementor-section-height-default\" data-id=\"eca5a41\" data-element_type=\"section\">\n\t\t\t\t\t\t<div class=\"elementor-container elementor-column-gap-default\">\n\t\t\t\t\t<div class=\"elementor-column elementor-col-100 elementor-top-column elementor-element elementor-element-9b1426d\" data-id=\"9b1426d\" data-element_type=\"column\">\n\t\t\t<div class=\"elementor-widget-wrap elementor-element-populated\">\n\t\t\t\t\t\t<div class=\"elementor-element elementor-element-6362cb8 elementor-align-center elementor-widget elementor-widget-button\" data-id=\"6362cb8\" data-element_type=\"widget\" data-widget_type=\"button.default\">\n\t\t\t\t<div class=\"elementor-widget-container\">\n\t\t\t\t\t\t\t\t\t<div class=\"elementor-button-wrapper\">\n\t\t\t\t\t<a class=\"elementor-button elementor-button-link elementor-size-md\" href=\"https:\/\/eckstein-wasserenthaerter.de\/en\/lp\/\">\n\t\t\t\t\t\t<span class=\"elementor-button-content-wrapper\">\n\t\t\t\t\t\t<span class=\"elementor-button-icon\">\n\t\t\t\t<i aria-hidden=\"true\" class=\"fas fa-chevron-right\"><\/i>\t\t\t<\/span>\n\t\t\t\t\t\t\t\t\t<span class=\"elementor-button-text\">Contact \/ Request brochure<\/span>\n\t\t\t\t\t<\/span>\n\t\t\t\t\t<\/a>\n\t\t\t\t<\/div>\n\t\t\t\t\t\t\t\t<\/div>\n\t\t\t\t<\/div>\n\t\t\t\t\t<\/div>\n\t\t<\/div>\n\t\t\t\t\t<\/div>\n\t\t<\/section>\n\t\t\t\t<section class=\"elementor-section elementor-top-section elementor-element elementor-element-8bf218a elementor-section-boxed elementor-section-height-default elementor-section-height-default\" data-id=\"8bf218a\" data-element_type=\"section\">\n\t\t\t\t\t\t<div class=\"elementor-container elementor-column-gap-default\">\n\t\t\t\t\t<div class=\"elementor-column elementor-col-100 elementor-top-column elementor-element elementor-element-64373ee\" data-id=\"64373ee\" data-element_type=\"column\">\n\t\t\t<div class=\"elementor-widget-wrap elementor-element-populated\">\n\t\t\t\t\t\t<div class=\"elementor-element elementor-element-427dd02 elementor-widget elementor-widget-text-editor\" data-id=\"427dd02\" data-element_type=\"widget\" data-widget_type=\"text-editor.default\">\n\t\t\t\t<div class=\"elementor-widget-container\">\n\t\t\t\t\t\t\t\t\t<h2 style=\"text-align: center;\">Good, monitored, expandable.<\/h2><h3 style=\"text-align: center;\">Our drinking water in Germany<\/h3><p style=\"text-align: center;\">The most closely monitored foodstuff is and remains our drinking water. That is why we in Germany enjoy the highest quality drinking water standards, straight from our taps. <br \/>Very good quality, but can be optimised. A perfect basis for optimisation with a Eckstein water softening system.<\/p><h2 style=\"text-align: center;\">Water hardness in Germany<\/h2><p style=\"text-align: center;\">This map shows the different water hardness levels in Germany in three hardness categories.<\/p><p><img fetchpriority=\"high\" decoding=\"async\" class=\"aligncenter wp-image-7468 size-large\" src=\"https:\/\/eckstein-wasserenthaerter.de\/wp-content\/uploads\/2026\/01\/SOFT.png\" alt=\"\" width=\"710\" height=\"710\" srcset=\"https:\/\/eckstein-wasserenthaerter.de\/wp-content\/uploads\/2026\/01\/SOFT.png 1920w, https:\/\/eckstein-wasserenthaerter.de\/wp-content\/uploads\/2026\/01\/SOFT-300x300.png 300w, https:\/\/eckstein-wasserenthaerter.de\/wp-content\/uploads\/2026\/01\/SOFT-1024x1024.png 1024w, https:\/\/eckstein-wasserenthaerter.de\/wp-content\/uploads\/2026\/01\/SOFT-150x150.png 150w, https:\/\/eckstein-wasserenthaerter.de\/wp-content\/uploads\/2026\/01\/SOFT-768x768.png 768w, https:\/\/eckstein-wasserenthaerter.de\/wp-content\/uploads\/2026\/01\/SOFT-1536x1536.png 1536w, https:\/\/eckstein-wasserenthaerter.de\/wp-content\/uploads\/2026\/01\/SOFT-12x12.png 12w\" sizes=\"(max-width: 710px) 100vw, 710px\" \/><\/p><p style=\"text-align: center;\">Not all water is the same, even in Germany. Every region has its own typical water hardness, and there are many different reasons for this. You can find out the exact hardness level from your water supplier.<br \/>The calcium and magnesium ions contained in water are decisive for water hardness. These combine to form limescale and are responsible for wear and tear on appliances, dry skin, limescale deposits, pipe damage and increased consumption of cleaning agents. <br \/>But here is the solution: an original Eckstein water softener! It removes limescale from the water using filter granulate and directs it where it will no longer bother you: into your waste water.<\/p>\t\t\t\t\t\t\t\t<\/div>\n\t\t\t\t<\/div>\n\t\t\t\t\t<\/div>\n\t\t<\/div>\n\t\t\t\t\t<\/div>\n\t\t<\/section>\n\t\t\t\t<section class=\"elementor-section elementor-top-section elementor-element elementor-element-433fb7c elementor-section-boxed elementor-section-height-default elementor-section-height-default\" data-id=\"433fb7c\" data-element_type=\"section\">\n\t\t\t\t\t\t<div class=\"elementor-container elementor-column-gap-default\">\n\t\t\t\t\t<div class=\"elementor-column elementor-col-100 elementor-top-column elementor-element elementor-element-8771413\" data-id=\"8771413\" data-element_type=\"column\">\n\t\t\t<div class=\"elementor-widget-wrap elementor-element-populated\">\n\t\t\t\t\t\t<div class=\"elementor-element elementor-element-8a0fa70 elementor-widget elementor-widget-heading\" data-id=\"8a0fa70\" data-element_type=\"widget\" data-widget_type=\"heading.default\">\n\t\t\t\t<div class=\"elementor-widget-container\">\n\t\t\t\t\t<h2 class=\"elementor-heading-title elementor-size-default\">The advantages of decalcified water<\/h2>\t\t\t\t<\/div>\n\t\t\t\t<\/div>\n\t\t\t\t\t<\/div>\n\t\t<\/div>\n\t\t\t\t\t<\/div>\n\t\t<\/section>\n\t\t\t\t<section class=\"elementor-section elementor-top-section elementor-element elementor-element-bf1c896 elementor-section-boxed elementor-section-height-default elementor-section-height-default\" data-id=\"bf1c896\" data-element_type=\"section\">\n\t\t\t\t\t\t<div class=\"elementor-container elementor-column-gap-default\">\n\t\t\t\t\t<div class=\"elementor-column elementor-col-100 elementor-top-column elementor-element elementor-element-2bc7835\" data-id=\"2bc7835\" data-element_type=\"column\">\n\t\t\t<div class=\"elementor-widget-wrap elementor-element-populated\">\n\t\t\t\t\t\t<div class=\"elementor-element elementor-element-7e371b1 elementor-tabs-view-horizontal elementor-widget elementor-widget-tabs\" data-id=\"7e371b1\" data-element_type=\"widget\" data-widget_type=\"tabs.default\">\n\t\t\t\t<div class=\"elementor-widget-container\">\n\t\t\t\t\t\t\t<div class=\"elementor-tabs\">\n\t\t\t<div class=\"elementor-tabs-wrapper\" role=\"tablist\" >\n\t\t\t\t\t\t\t\t\t<div id=\"elementor-tab-title-1321\" class=\"elementor-tab-title elementor-tab-desktop-title\" aria-selected=\"true\" data-tab=\"1\" role=\"tab\" tabindex=\"0\" aria-controls=\"elementor-tab-content-1321\" aria-expanded=\"false\">Towels and clothing<\/div>\n\t\t\t\t\t\t\t\t\t<div id=\"elementor-tab-title-1322\" class=\"elementor-tab-title elementor-tab-desktop-title\" aria-selected=\"false\" data-tab=\"2\" role=\"tab\" tabindex=\"-1\" aria-controls=\"elementor-tab-content-1322\" aria-expanded=\"false\">Environment and your wallet<\/div>\n\t\t\t\t\t\t\t\t\t<div id=\"elementor-tab-title-1323\" class=\"elementor-tab-title elementor-tab-desktop-title\" aria-selected=\"false\" data-tab=\"3\" role=\"tab\" tabindex=\"-1\" aria-controls=\"elementor-tab-content-1323\" aria-expanded=\"false\">Sparkling clean<\/div>\n\t\t\t\t\t\t\t\t\t<div id=\"elementor-tab-title-1324\" class=\"elementor-tab-title elementor-tab-desktop-title\" aria-selected=\"false\" data-tab=\"4\" role=\"tab\" tabindex=\"-1\" aria-controls=\"elementor-tab-content-1324\" aria-expanded=\"false\">Coffee and tea<\/div>\n\t\t\t\t\t\t\t\t\t<div id=\"elementor-tab-title-1325\" class=\"elementor-tab-title elementor-tab-desktop-title\" aria-selected=\"false\" data-tab=\"5\" role=\"tab\" tabindex=\"-1\" aria-controls=\"elementor-tab-content-1325\" aria-expanded=\"false\">Skin and hair<\/div>\n\t\t\t\t\t\t\t\t\t<div id=\"elementor-tab-title-1326\" class=\"elementor-tab-title elementor-tab-desktop-title\" aria-selected=\"false\" data-tab=\"6\" role=\"tab\" tabindex=\"-1\" aria-controls=\"elementor-tab-content-1326\" aria-expanded=\"false\">Heating and boiler<\/div>\n\t\t\t\t\t\t\t\t\t<div id=\"elementor-tab-title-1327\" class=\"elementor-tab-title elementor-tab-desktop-title\" aria-selected=\"false\" data-tab=\"7\" role=\"tab\" tabindex=\"-1\" aria-controls=\"elementor-tab-content-1327\" aria-expanded=\"false\">Pipes &amp; fittings<\/div>\n\t\t\t\t\t\t\t<\/div>\n\t\t\t<div class=\"elementor-tabs-content-wrapper\" role=\"tablist\" aria-orientation=\"vertical\">\n\t\t\t\t\t\t\t\t\t<div class=\"elementor-tab-title elementor-tab-mobile-title\" aria-selected=\"true\" data-tab=\"1\" role=\"tab\" tabindex=\"0\" aria-controls=\"elementor-tab-content-1321\" aria-expanded=\"false\">Towels and clothing<\/div>\n\t\t\t\t\t<div id=\"elementor-tab-content-1321\" class=\"elementor-tab-content elementor-clearfix\" data-tab=\"1\" role=\"tabpanel\" aria-labelledby=\"elementor-tab-title-1321\" tabindex=\"0\" hidden=\"false\"><p>Scratchy laundry, washed-out clothes, etc. are a thing of the past. Because these remain preserved longer, cosy soft and as good as new.<\/p><\/div>\n\t\t\t\t\t\t\t\t\t<div class=\"elementor-tab-title elementor-tab-mobile-title\" aria-selected=\"false\" data-tab=\"2\" role=\"tab\" tabindex=\"-1\" aria-controls=\"elementor-tab-content-1322\" aria-expanded=\"false\">Environment and your wallet<\/div>\n\t\t\t\t\t<div id=\"elementor-tab-content-1322\" class=\"elementor-tab-content elementor-clearfix\" data-tab=\"2\" role=\"tabpanel\" aria-labelledby=\"elementor-tab-title-1322\" tabindex=\"0\" hidden=\"hidden\"><p>With an original Eckstein water softener, you can save up to 40% on cleaning products. <br \/>Nutzen Sie daf\u00fcr gerne unseren <a href=\"https:\/\/eckstein-wasserenthaerter.de\/en\/downloads-faq\/#einsparungsrechner\">Savings calculator<\/a>.<\/p><\/div>\n\t\t\t\t\t\t\t\t\t<div class=\"elementor-tab-title elementor-tab-mobile-title\" aria-selected=\"false\" data-tab=\"3\" role=\"tab\" tabindex=\"-1\" aria-controls=\"elementor-tab-content-1323\" aria-expanded=\"false\">Sparkling clean<\/div>\n\t\t\t\t\t<div id=\"elementor-tab-content-1323\" class=\"elementor-tab-content elementor-clearfix\" data-tab=\"3\" role=\"tabpanel\" aria-labelledby=\"elementor-tab-title-1323\" tabindex=\"0\" hidden=\"hidden\"><p>Cutlery, tiles and fittings shine throughout the house without any tedious cleaning. This leaves you more time for the finer things in life.<\/p><\/div>\n\t\t\t\t\t\t\t\t\t<div class=\"elementor-tab-title elementor-tab-mobile-title\" aria-selected=\"false\" data-tab=\"4\" role=\"tab\" tabindex=\"-1\" aria-controls=\"elementor-tab-content-1324\" aria-expanded=\"false\">Coffee and tea<\/div>\n\t\t\t\t\t<div id=\"elementor-tab-content-1324\" class=\"elementor-tab-content elementor-clearfix\" data-tab=\"4\" role=\"tabpanel\" aria-labelledby=\"elementor-tab-title-1324\" tabindex=\"0\" hidden=\"hidden\"><p>Enjoy delicious coffee and tea without annoying limescale deposits on the surface. Extend the service life of your kettle and coffee machine many times over.<\/p><\/div>\n\t\t\t\t\t\t\t\t\t<div class=\"elementor-tab-title elementor-tab-mobile-title\" aria-selected=\"false\" data-tab=\"5\" role=\"tab\" tabindex=\"-1\" aria-controls=\"elementor-tab-content-1325\" aria-expanded=\"false\">Skin and hair<\/div>\n\t\t\t\t\t<div id=\"elementor-tab-content-1325\" class=\"elementor-tab-content elementor-clearfix\" data-tab=\"5\" role=\"tabpanel\" aria-labelledby=\"elementor-tab-title-1325\" tabindex=\"0\" hidden=\"hidden\"><p>Velvety soft water not only pampers your skin but also leaves your hair visibly softer and smoother.<\/p><\/div>\n\t\t\t\t\t\t\t\t\t<div class=\"elementor-tab-title elementor-tab-mobile-title\" aria-selected=\"false\" data-tab=\"6\" role=\"tab\" tabindex=\"-1\" aria-controls=\"elementor-tab-content-1326\" aria-expanded=\"false\">Heating and boiler<\/div>\n\t\t\t\t\t<div id=\"elementor-tab-content-1326\" class=\"elementor-tab-content elementor-clearfix\" data-tab=\"6\" role=\"tabpanel\" aria-labelledby=\"elementor-tab-title-1326\" tabindex=\"0\" hidden=\"hidden\"><p>Operate much more efficiently and in a more environmentally friendly manner without limescale deposits.<br \/>Repair and maintenance costs are reduced significantly and the service life is extended many times over.<\/p><\/div>\n\t\t\t\t\t\t\t\t\t<div class=\"elementor-tab-title elementor-tab-mobile-title\" aria-selected=\"false\" data-tab=\"7\" role=\"tab\" tabindex=\"-1\" aria-controls=\"elementor-tab-content-1327\" aria-expanded=\"false\">Pipes &amp; fittings<\/div>\n\t\t\t\t\t<div id=\"elementor-tab-content-1327\" class=\"elementor-tab-content elementor-clearfix\" data-tab=\"7\" role=\"tabpanel\" aria-labelledby=\"elementor-tab-title-1327\" tabindex=\"0\" hidden=\"hidden\"><p>Protected from deposits, thereby retaining their optimal flow characteristics and function.<\/p><\/div>\n\t\t\t\t\t\t\t<\/div>\n\t\t<\/div>\n\t\t\t\t\t\t<\/div>\n\t\t\t\t<\/div>\n\t\t\t\t\t<\/div>\n\t\t<\/div>\n\t\t\t\t\t<\/div>\n\t\t<\/section>\n\t\t\t\t<\/div>","protected":false},"excerpt":{"rendered":"<p>Vorteile mit weichem Wasser Sch\u00fctzen Sie sich vor Kalk mit unseren Wasserenth\u00e4rtern! Kalksch\u00e4den verursachen hohe Kosten und sollten der Vergangenheit angeh\u00f6ren. Bei der Verwendung von weichem Wasser dagegen setzt sich kein Kalk ab. Freuen Sie sich auf blitzblanke Sanit\u00e4rarmaturen, Duschw\u00e4nde und Geschirr. Ihre Elektroger\u00e4te, ob B\u00fcgeleisen oder Kaffeemaschine sehen nicht nur herrlich gl\u00e4nzend aus, sie &hellip;<\/p>","protected":false},"author":1,"featured_media":0,"parent":0,"menu_order":0,"comment_status":"closed","ping_status":"closed","template":"","meta":{"footnotes":""},"class_list":["post-6575","page","type-page","status-publish","hentry","no-thumb"],"_links":{"self":[{"href":"https:\/\/eckstein-wasserenthaerter.de\/en\/wp-json\/wp\/v2\/pages\/6575","targetHints":{"allow":["GET"]}}],"collection":[{"href":"https:\/\/eckstein-wasserenthaerter.de\/en\/wp-json\/wp\/v2\/pages"}],"about":[{"href":"https:\/\/eckstein-wasserenthaerter.de\/en\/wp-json\/wp\/v2\/types\/page"}],"author":[{"embeddable":true,"href":"https:\/\/eckstein-wasserenthaerter.de\/en\/wp-json\/wp\/v2\/users\/1"}],"replies":[{"embeddable":true,"href":"https:\/\/eckstein-wasserenthaerter.de\/en\/wp-json\/wp\/v2\/comments?post=6575"}],"version-history":[{"count":10,"href":"https:\/\/eckstein-wasserenthaerter.de\/en\/wp-json\/wp\/v2\/pages\/6575\/revisions"}],"predecessor-version":[{"id":8086,"href":"https:\/\/eckstein-wasserenthaerter.de\/en\/wp-json\/wp\/v2\/pages\/6575\/revisions\/8086"}],"wp:attachment":[{"href":"https:\/\/eckstein-wasserenthaerter.de\/en\/wp-json\/wp\/v2\/media?parent=6575"}],"curies":[{"name":"wp","href":"https:\/\/api.w.org\/{rel}","templated":true}]}}