{"id":6477,"date":"2022-12-28T22:28:40","date_gmt":"2022-12-28T21:28:40","guid":{"rendered":"https:\/\/entwurf.eckstein-wasserenthaerter.de\/?page_id=6477"},"modified":"2023-06-01T13:44:15","modified_gmt":"2023-06-01T11:44:15","slug":"umweltschutz","status":"publish","type":"page","link":"https:\/\/eckstein-wasserenthaerter.de\/en\/umweltschutz\/","title":{"rendered":"Environmental protection"},"content":{"rendered":"<div data-elementor-type=\"wp-page\" data-elementor-id=\"6477\" class=\"elementor elementor-6477\">\n\t\t\t\t\t\t<section class=\"elementor-section elementor-top-section elementor-element elementor-element-oxysifs elementor-section-full_width elementor-section-height-default elementor-section-height-default\" data-id=\"oxysifs\" data-element_type=\"section\">\n\t\t\t\t\t\t<div class=\"elementor-container elementor-column-gap-default\">\n\t\t\t\t\t<div class=\"elementor-column elementor-col-100 elementor-top-column elementor-element elementor-element-ufaibvw\" data-id=\"ufaibvw\" data-element_type=\"column\">\n\t\t\t<div class=\"elementor-widget-wrap elementor-element-populated\">\n\t\t\t\t\t\t<div class=\"elementor-element elementor-element-nfklryg elementor-widget elementor-widget-text-editor\" data-id=\"nfklryg\" data-element_type=\"widget\" data-widget_type=\"text-editor.default\">\n\t\t\t\t<div class=\"elementor-widget-container\">\n\t\t\t\t\t\t\t\t\t<h2 style=\"text-align: center;\">Nachhaltigkeit &amp; Umweltschutz<\/h2>\t\t\t\t\t\t\t\t<\/div>\n\t\t\t\t<\/div>\n\t\t\t\t\t<\/div>\n\t\t<\/div>\n\t\t\t\t\t<\/div>\n\t\t<\/section>\n\t\t\t\t<section class=\"elementor-section elementor-top-section elementor-element elementor-element-9538da2 elementor-section-boxed elementor-section-height-default elementor-section-height-default\" data-id=\"9538da2\" data-element_type=\"section\">\n\t\t\t\t\t\t<div class=\"elementor-container elementor-column-gap-default\">\n\t\t\t\t\t<div class=\"elementor-column elementor-col-100 elementor-top-column elementor-element elementor-element-4d35ecb\" data-id=\"4d35ecb\" data-element_type=\"column\">\n\t\t\t<div class=\"elementor-widget-wrap elementor-element-populated\">\n\t\t\t\t\t\t<div class=\"elementor-element elementor-element-1cfaaf3 elementor-widget elementor-widget-text-editor\" data-id=\"1cfaaf3\" data-element_type=\"widget\" data-widget_type=\"text-editor.default\">\n\t\t\t\t<div class=\"elementor-widget-container\">\n\t\t\t\t\t\t\t\t\t<h4 style=\"text-align: center;\">Eckstein steht f\u00fcr Nachhaltigkeit und eine neutrale CO2 Bilanz<\/h4><p>Unter Nachhaltigkeit verstehen wir mehr als nur ein wirtschaftliches Handeln unter Beachtung von Umweltaspekten.<\/p><h4>Ressourcen<\/h4><p>W\u00e4hrend bereits eine 1mm Kalkschicht auf Heizst\u00e4ben und Ihrem Heizsystem bereits zu einem bis zu 10% h\u00f6heren Energiebedarf f\u00fchrt, sorgt ein Eckstein Wasserenth\u00e4rter bei allen wasserf\u00fchrenden elektronischen Ger\u00e4ten sowie Ihrem Heizsystem zu einer exzellenten Performance und Effizienz. Das spart Ressourcen und tr\u00e4gt zur Schonung der Umwelt bei.\u00a0<\/p><h4>Recycling<\/h4><p>Unsere Anlagen k\u00f6nnen bis zu 80% stofflich sowie 20% thermisch recycelt werden. Hierbei unterst\u00fctzt uns unser Partner Deutsche Recycling.\u00a0<\/p>\t\t\t\t\t\t\t\t<\/div>\n\t\t\t\t<\/div>\n\t\t\t\t<div class=\"elementor-element elementor-element-696829b elementor-widget elementor-widget-image\" data-id=\"696829b\" data-element_type=\"widget\" data-widget_type=\"image.default\">\n\t\t\t\t<div class=\"elementor-widget-container\">\n\t\t\t\t\t\t\t\t\t\t\t\t\t\t\t<img decoding=\"async\" width=\"300\" height=\"98\" src=\"https:\/\/eckstein-wasserenthaerter.de\/wp-content\/uploads\/2023\/02\/deutscheRecycling_Logo_Claim.png-1-300x98.png\" class=\"attachment-medium size-medium wp-image-6897\" alt=\"\" srcset=\"https:\/\/eckstein-wasserenthaerter.de\/wp-content\/uploads\/2023\/02\/deutscheRecycling_Logo_Claim.png-1-300x98.png 300w, https:\/\/eckstein-wasserenthaerter.de\/wp-content\/uploads\/2023\/02\/deutscheRecycling_Logo_Claim.png-1-1024x333.png 1024w, https:\/\/eckstein-wasserenthaerter.de\/wp-content\/uploads\/2023\/02\/deutscheRecycling_Logo_Claim.png-1-768x250.png 768w, https:\/\/eckstein-wasserenthaerter.de\/wp-content\/uploads\/2023\/02\/deutscheRecycling_Logo_Claim.png-1.png 1305w\" sizes=\"(max-width: 300px) 100vw, 300px\" \/>\t\t\t\t\t\t\t\t\t\t\t\t\t\t\t<\/div>\n\t\t\t\t<\/div>\n\t\t\t\t\t<\/div>\n\t\t<\/div>\n\t\t\t\t\t<\/div>\n\t\t<\/section>\n\t\t\t\t<section class=\"elementor-section elementor-top-section elementor-element elementor-element-2d412f2 elementor-section-boxed elementor-section-height-default elementor-section-height-default\" data-id=\"2d412f2\" data-element_type=\"section\">\n\t\t\t\t\t\t<div class=\"elementor-container elementor-column-gap-default\">\n\t\t\t\t\t<div class=\"elementor-column elementor-col-100 elementor-top-column elementor-element elementor-element-dd91bbb\" data-id=\"dd91bbb\" data-element_type=\"column\">\n\t\t\t<div class=\"elementor-widget-wrap elementor-element-populated\">\n\t\t\t\t\t\t<div class=\"elementor-element elementor-element-213061a elementor-align-center elementor-widget elementor-widget-button\" data-id=\"213061a\" data-element_type=\"widget\" data-widget_type=\"button.default\">\n\t\t\t\t<div class=\"elementor-widget-container\">\n\t\t\t\t\t\t\t\t\t<div class=\"elementor-button-wrapper\">\n\t\t\t\t\t<a class=\"elementor-button elementor-button-link elementor-size-md\" href=\"https:\/\/eckstein-wasserenthaerter.de\/en\/lp\/\">\n\t\t\t\t\t\t<span class=\"elementor-button-content-wrapper\">\n\t\t\t\t\t\t<span class=\"elementor-button-icon\">\n\t\t\t\t<i aria-hidden=\"true\" class=\"fas fa-chevron-right\"><\/i>\t\t\t<\/span>\n\t\t\t\t\t\t\t\t\t<span class=\"elementor-button-text\">Contact \/ Request brochure<\/span>\n\t\t\t\t\t<\/span>\n\t\t\t\t\t<\/a>\n\t\t\t\t<\/div>\n\t\t\t\t\t\t\t\t<\/div>\n\t\t\t\t<\/div>\n\t\t\t\t\t<\/div>\n\t\t<\/div>\n\t\t\t\t\t<\/div>\n\t\t<\/section>\n\t\t\t\t<\/div>","protected":false},"excerpt":{"rendered":"<p>Nachhaltigkeit &amp; Umweltschutz Eckstein steht f\u00fcr Nachhaltigkeit und eine neutrale CO2 Bilanz Unter Nachhaltigkeit verstehen wir mehr als nur ein wirtschaftliches Handeln unter Beachtung von Umweltaspekten. Ressourcen W\u00e4hrend bereits eine 1mm Kalkschicht auf Heizst\u00e4ben und Ihrem Heizsystem bereits zu einem bis zu 10% h\u00f6heren Energiebedarf f\u00fchrt, sorgt ein Eckstein Wasserenth\u00e4rter bei allen wasserf\u00fchrenden elektronischen Ger\u00e4ten &hellip;<\/p>","protected":false},"author":1,"featured_media":0,"parent":0,"menu_order":0,"comment_status":"closed","ping_status":"closed","template":"","meta":{"footnotes":""},"class_list":["post-6477","page","type-page","status-publish","hentry","no-thumb"],"_links":{"self":[{"href":"https:\/\/eckstein-wasserenthaerter.de\/en\/wp-json\/wp\/v2\/pages\/6477","targetHints":{"allow":["GET"]}}],"collection":[{"href":"https:\/\/eckstein-wasserenthaerter.de\/en\/wp-json\/wp\/v2\/pages"}],"about":[{"href":"https:\/\/eckstein-wasserenthaerter.de\/en\/wp-json\/wp\/v2\/types\/page"}],"author":[{"embeddable":true,"href":"https:\/\/eckstein-wasserenthaerter.de\/en\/wp-json\/wp\/v2\/users\/1"}],"replies":[{"embeddable":true,"href":"https:\/\/eckstein-wasserenthaerter.de\/en\/wp-json\/wp\/v2\/comments?post=6477"}],"version-history":[{"count":10,"href":"https:\/\/eckstein-wasserenthaerter.de\/en\/wp-json\/wp\/v2\/pages\/6477\/revisions"}],"predecessor-version":[{"id":8111,"href":"https:\/\/eckstein-wasserenthaerter.de\/en\/wp-json\/wp\/v2\/pages\/6477\/revisions\/8111"}],"wp:attachment":[{"href":"https:\/\/eckstein-wasserenthaerter.de\/en\/wp-json\/wp\/v2\/media?parent=6477"}],"curies":[{"name":"wp","href":"https:\/\/api.w.org\/{rel}","templated":true}]}}