{"id":6,"date":"2016-05-12T13:31:20","date_gmt":"2016-05-12T11:31:20","guid":{"rendered":"http:\/\/ld-wp.template-help.com\/wordpress_64485-sample\/?page_id=6"},"modified":"2023-06-01T13:40:48","modified_gmt":"2023-06-01T11:40:48","slug":"warumeckstein","status":"publish","type":"page","link":"https:\/\/eckstein-wasserenthaerter.de\/en\/warumeckstein\/","title":{"rendered":"Warum Eckstein"},"content":{"rendered":"<div data-elementor-type=\"wp-page\" data-elementor-id=\"6\" class=\"elementor elementor-6\">\n\t\t\t\t\t\t<section class=\"elementor-section elementor-top-section elementor-element elementor-element-oxysifs elementor-section-boxed elementor-section-height-default elementor-section-height-default\" data-id=\"oxysifs\" data-element_type=\"section\">\n\t\t\t\t\t\t<div class=\"elementor-container elementor-column-gap-extended\">\n\t\t\t\t\t<div class=\"elementor-column elementor-col-100 elementor-top-column elementor-element elementor-element-ufaibvw\" data-id=\"ufaibvw\" data-element_type=\"column\">\n\t\t\t<div class=\"elementor-widget-wrap elementor-element-populated\">\n\t\t\t\t\t\t<div class=\"elementor-element elementor-element-nfklryg elementor-widget elementor-widget-text-editor\" data-id=\"nfklryg\" data-element_type=\"widget\" data-widget_type=\"text-editor.default\">\n\t\t\t\t<div class=\"elementor-widget-container\">\n\t\t\t\t\t\t\t\t\t<h2 style=\"text-align: center;\">Success based on experience<\/h2>\t\t\t\t\t\t\t\t<\/div>\n\t\t\t\t<\/div>\n\t\t\t\t\t<\/div>\n\t\t<\/div>\n\t\t\t\t\t<\/div>\n\t\t<\/section>\n\t\t\t\t<section class=\"elementor-section elementor-top-section elementor-element elementor-element-a42d276 elementor-section-boxed elementor-section-height-default elementor-section-height-default\" data-id=\"a42d276\" data-element_type=\"section\">\n\t\t\t\t\t\t<div class=\"elementor-container elementor-column-gap-default\">\n\t\t\t\t\t<div class=\"elementor-column elementor-col-50 elementor-top-column elementor-element elementor-element-8c5515e\" data-id=\"8c5515e\" data-element_type=\"column\">\n\t\t\t<div class=\"elementor-widget-wrap elementor-element-populated\">\n\t\t\t\t\t\t<div class=\"elementor-element elementor-element-4470831 elementor-widget elementor-widget-text-editor\" data-id=\"4470831\" data-element_type=\"widget\" data-widget_type=\"text-editor.default\">\n\t\t\t\t<div class=\"elementor-widget-container\">\n\t\t\t\t\t\t\t\t\t<p style=\"text-align: center;\">For over 35 years, Eckstein water softeners have been synonymous with modern technology and the highest quality of life.<\/p><p style=\"text-align: center;\">Denn \u00fcberall, wo hartes Wasser erw\u00e4rmt wird, f\u00e4llt Kalk aus. Warmwasserboiler, Durchlauferhitzer, Wasch-, Geschirrsp\u00fcl- und Kaffeemaschine verkalken besonders stark. Kalk verk\u00fcrzt nicht nur die Lebensdauer der Ger\u00e4te, sondern verursacht auch einen h\u00f6heren Energieverbrauch:<\/p><p style=\"text-align: center;\"><strong>\u21d2 several percent per millimetre of limescale deposit!<\/strong><\/p><p style=\"text-align: center;\">Pipes, valves and aerators become calcified, and unsightly deposits form on sinks, fittings and tiles. After a short time, frequent cleaning makes everything dull and unattractive. <br \/><strong>This doesn't have to be the case!<\/strong> Eckstein water softeners bring quality of life into your home.<\/p>\t\t\t\t\t\t\t\t<\/div>\n\t\t\t\t<\/div>\n\t\t\t\t\t<\/div>\n\t\t<\/div>\n\t\t\t\t<div class=\"elementor-column elementor-col-50 elementor-top-column elementor-element elementor-element-0c2e0aa\" data-id=\"0c2e0aa\" data-element_type=\"column\">\n\t\t\t<div class=\"elementor-widget-wrap elementor-element-populated\">\n\t\t\t\t\t\t<div class=\"elementor-element elementor-element-71a73aa elementor-widget elementor-widget-image\" data-id=\"71a73aa\" data-element_type=\"widget\" data-widget_type=\"image.default\">\n\t\t\t\t<div class=\"elementor-widget-container\">\n\t\t\t\t\t\t\t\t\t\t\t\t\t\t\t<img fetchpriority=\"high\" decoding=\"async\" width=\"1024\" height=\"1024\" src=\"https:\/\/eckstein-wasserenthaerter.de\/wp-content\/uploads\/2017\/07\/img21.jpg\" class=\"attachment-full size-full wp-image-4742\" alt=\"\" srcset=\"https:\/\/eckstein-wasserenthaerter.de\/wp-content\/uploads\/2017\/07\/img21.jpg 1024w, https:\/\/eckstein-wasserenthaerter.de\/wp-content\/uploads\/2017\/07\/img21-300x300.jpg 300w, https:\/\/eckstein-wasserenthaerter.de\/wp-content\/uploads\/2017\/07\/img21-150x150.jpg 150w, https:\/\/eckstein-wasserenthaerter.de\/wp-content\/uploads\/2017\/07\/img21-768x768.jpg 768w\" sizes=\"(max-width: 1024px) 100vw, 1024px\" \/>\t\t\t\t\t\t\t\t\t\t\t\t\t\t\t<\/div>\n\t\t\t\t<\/div>\n\t\t\t\t\t<\/div>\n\t\t<\/div>\n\t\t\t\t\t<\/div>\n\t\t<\/section>\n\t\t\t\t<section class=\"elementor-section elementor-top-section elementor-element elementor-element-bd8cecf elementor-section-boxed elementor-section-height-default elementor-section-height-default\" data-id=\"bd8cecf\" data-element_type=\"section\">\n\t\t\t\t\t\t<div class=\"elementor-container elementor-column-gap-default\">\n\t\t\t\t\t<div class=\"elementor-column elementor-col-100 elementor-top-column elementor-element elementor-element-8f5da76\" data-id=\"8f5da76\" data-element_type=\"column\">\n\t\t\t<div class=\"elementor-widget-wrap elementor-element-populated\">\n\t\t\t\t\t\t<div class=\"elementor-element elementor-element-d86ad39 elementor-widget elementor-widget-heading\" data-id=\"d86ad39\" data-element_type=\"widget\" data-widget_type=\"heading.default\">\n\t\t\t\t<div class=\"elementor-widget-container\">\n\t\t\t\t\t<h2 class=\"elementor-heading-title elementor-size-default\"><strong>Service from A to Z<\/strong><\/h2>\t\t\t\t<\/div>\n\t\t\t\t<\/div>\n\t\t\t\t<div class=\"elementor-element elementor-element-644421b elementor-widget elementor-widget-text-editor\" data-id=\"644421b\" data-element_type=\"widget\" data-widget_type=\"text-editor.default\">\n\t\t\t\t<div class=\"elementor-widget-container\">\n\t\t\t\t\t\t\t\t\t<h4>Local contact:<\/h4><p>With our factory branches throughout Germany, a qualified and competent contact person is always available to assist you quickly and easily with all your concerns.<\/p><h4>Manufacturer's customer service:<\/h4><p>Our in-house customer service engineers provide you with professionally trained service technicians.<\/p><p>Assembly, servicing and repairs are carried out exclusively by our factory customer service department. This ensures short information channels and fast response times, regardless of the issue.<\/p><h4>After Sales Service:<\/h4><p>Our service team is available to assist you with any concerns or questions you may have regarding your water softening system by telephone or email. We also ensure that we can provide you with a simple and straightforward solution by regularly updating all of our documentation and troubleshooting files.<\/p><p>You can also find further assistance at any time on our video platform.<\/p>\t\t\t\t\t\t\t\t<\/div>\n\t\t\t\t<\/div>\n\t\t\t\t\t<\/div>\n\t\t<\/div>\n\t\t\t\t\t<\/div>\n\t\t<\/section>\n\t\t\t\t<section class=\"elementor-section elementor-top-section elementor-element elementor-element-51a8c00 elementor-section-boxed elementor-section-height-default elementor-section-height-default\" data-id=\"51a8c00\" data-element_type=\"section\">\n\t\t\t\t\t\t<div class=\"elementor-container elementor-column-gap-default\">\n\t\t\t\t\t<div class=\"elementor-column elementor-col-100 elementor-top-column elementor-element elementor-element-ab4b40e\" data-id=\"ab4b40e\" data-element_type=\"column\">\n\t\t\t<div class=\"elementor-widget-wrap elementor-element-populated\">\n\t\t\t\t\t\t<section class=\"elementor-section elementor-inner-section elementor-element elementor-element-7ac4607 elementor-hidden-phone elementor-section-boxed elementor-section-height-default elementor-section-height-default\" data-id=\"7ac4607\" data-element_type=\"section\">\n\t\t\t\t\t\t<div class=\"elementor-container elementor-column-gap-default\">\n\t\t\t\t\t<div class=\"elementor-column elementor-col-33 elementor-inner-column elementor-element elementor-element-32b3a20\" data-id=\"32b3a20\" data-element_type=\"column\">\n\t\t\t<div class=\"elementor-widget-wrap elementor-element-populated\">\n\t\t\t\t\t\t<div class=\"elementor-element elementor-element-29f452c custom-image-box elementor-widget elementor-widget-image-box\" data-id=\"29f452c\" data-element_type=\"widget\" data-widget_type=\"image-box.default\">\n\t\t\t\t<div class=\"elementor-widget-container\">\n\t\t\t\t\t<div class=\"elementor-image-box-wrapper\"><div class=\"elementor-image-box-content\"><h4 class=\"elementor-image-box-title\">35<\/h4><p class=\"elementor-image-box-description\"><span class=\"subtitle\">Years<\/span>\nExpertise and<br>experience<\/p><\/div><\/div>\t\t\t\t<\/div>\n\t\t\t\t<\/div>\n\t\t\t\t\t<\/div>\n\t\t<\/div>\n\t\t\t\t<div class=\"elementor-column elementor-col-33 elementor-inner-column elementor-element elementor-element-0a83ec2\" data-id=\"0a83ec2\" data-element_type=\"column\">\n\t\t\t<div class=\"elementor-widget-wrap elementor-element-populated\">\n\t\t\t\t\t\t<div class=\"elementor-element elementor-element-9045a16 custom-image-box elementor-widget elementor-widget-image-box\" data-id=\"9045a16\" data-element_type=\"widget\" data-widget_type=\"image-box.default\">\n\t\t\t\t<div class=\"elementor-widget-container\">\n\t\t\t\t\t<div class=\"elementor-image-box-wrapper\"><div class=\"elementor-image-box-content\"><h4 class=\"elementor-image-box-title\">105k+<\/h4><p class=\"elementor-image-box-description\"><span class=\"subtitle\">Customers<\/span>\ntrust our <br>products<\/p><\/div><\/div>\t\t\t\t<\/div>\n\t\t\t\t<\/div>\n\t\t\t\t\t<\/div>\n\t\t<\/div>\n\t\t\t\t<div class=\"elementor-column elementor-col-33 elementor-inner-column elementor-element elementor-element-6b02ebe\" data-id=\"6b02ebe\" data-element_type=\"column\">\n\t\t\t<div class=\"elementor-widget-wrap elementor-element-populated\">\n\t\t\t\t\t\t<div class=\"elementor-element elementor-element-a28d40b custom-image-box elementor-widget elementor-widget-image-box\" data-id=\"a28d40b\" data-element_type=\"widget\" data-widget_type=\"image-box.default\">\n\t\t\t\t<div class=\"elementor-widget-container\">\n\t\t\t\t\t<div class=\"elementor-image-box-wrapper\"><div class=\"elementor-image-box-content\"><h4 class=\"elementor-image-box-title\">43k+<\/h4><p class=\"elementor-image-box-description\"><span class=\"subtitle\">Litre <\/span>\ntreated water<br>every day<\/p><\/div><\/div>\t\t\t\t<\/div>\n\t\t\t\t<\/div>\n\t\t\t\t\t<\/div>\n\t\t<\/div>\n\t\t\t\t\t<\/div>\n\t\t<\/section>\n\t\t\t\t<section class=\"elementor-section elementor-inner-section elementor-element elementor-element-cf66fb3 elementor-section-boxed elementor-section-height-default elementor-section-height-default\" data-id=\"cf66fb3\" data-element_type=\"section\">\n\t\t\t\t\t\t<div class=\"elementor-container elementor-column-gap-default\">\n\t\t\t\t\t<div class=\"elementor-column elementor-col-66 elementor-inner-column elementor-element elementor-element-b184725\" data-id=\"b184725\" data-element_type=\"column\">\n\t\t\t<div class=\"elementor-widget-wrap elementor-element-populated\">\n\t\t\t\t\t\t<div class=\"elementor-element elementor-element-4eec77f elementor-widget elementor-widget-text-editor\" data-id=\"4eec77f\" data-element_type=\"widget\" data-widget_type=\"text-editor.default\">\n\t\t\t\t<div class=\"elementor-widget-container\">\n\t\t\t\t\t\t\t\t\t<h4>The original since 1987<\/h4><p>Often imitated, but never equalled.<\/p><p>To protect our existing and prospective customers as well as our good image, the official trademark registration of the Eckstein\u00ae brand<\/p><p>Unfortunately, companies and individuals have used and continue to use our name, our image and synonyms to better market their own products. Imitations honour us in a way, but they are punishable by law, damaging to business and cause a great deal of resentment among the customers affected.<\/p><p>Because only with the original will you get the original.<\/p>\t\t\t\t\t\t\t\t<\/div>\n\t\t\t\t<\/div>\n\t\t\t\t\t<\/div>\n\t\t<\/div>\n\t\t\t\t<div class=\"elementor-column elementor-col-33 elementor-inner-column elementor-element elementor-element-5f37e9c\" data-id=\"5f37e9c\" data-element_type=\"column\">\n\t\t\t<div class=\"elementor-widget-wrap elementor-element-populated\">\n\t\t\t\t\t\t<div class=\"elementor-element elementor-element-c91ae2a elementor-widget elementor-widget-text-editor\" data-id=\"c91ae2a\" data-element_type=\"widget\" data-widget_type=\"text-editor.default\">\n\t\t\t\t<div class=\"elementor-widget-container\">\n\t\t\t\t\t\t\t\t\t<p><a href=\"https:\/\/eckstein-wasserenthaerter.de\/wp-content\/uploads\/2023\/05\/Markeneintrag.pdf\" class=\"pdfemb-viewer\" style=\"\" data-width=\"max\" data-height=\"max\" data-toolbar=\"bottom\" data-toolbar-fixed=\"off\">Markeneintrag<\/a><\/p>\t\t\t\t\t\t\t\t<\/div>\n\t\t\t\t<\/div>\n\t\t\t\t\t<\/div>\n\t\t<\/div>\n\t\t\t\t\t<\/div>\n\t\t<\/section>\n\t\t\t\t\t<\/div>\n\t\t<\/div>\n\t\t\t\t\t<\/div>\n\t\t<\/section>\n\t\t\t\t<section class=\"elementor-section elementor-top-section elementor-element elementor-element-lmoqlxj elementor-section-boxed elementor-section-height-default elementor-section-height-default\" data-id=\"lmoqlxj\" data-element_type=\"section\">\n\t\t\t\t\t\t<div class=\"elementor-container elementor-column-gap-default\">\n\t\t\t\t\t<div class=\"elementor-column elementor-col-100 elementor-top-column elementor-element elementor-element-m52oq5q\" data-id=\"m52oq5q\" data-element_type=\"column\">\n\t\t\t<div class=\"elementor-widget-wrap elementor-element-populated\">\n\t\t\t\t\t\t<div class=\"elementor-element elementor-element-30qxlcz elementor-widget elementor-widget-heading\" data-id=\"30qxlcz\" data-element_type=\"widget\" data-widget_type=\"heading.default\">\n\t\t\t\t<div class=\"elementor-widget-container\">\n\t\t\t\t\t<h2 class=\"elementor-heading-title elementor-size-default\"><h2 style=\"text-align: center;\">What our customers say<\/h2><\/h2>\t\t\t\t<\/div>\n\t\t\t\t<\/div>\n\t\t\t\t<div class=\"elementor-element elementor-element-pxmd94k elementor-widget elementor-widget-tm_testimonials\" data-id=\"pxmd94k\" data-element_type=\"widget\" data-widget_type=\"tm_testimonials.default\">\n\t\t\t\t<div class=\"elementor-widget-container\">\n\t\t\t\t\t\t\t<div class=\"elementor-\"><div class='tm-testi'><div id='tm-testi-slider-1' class='tm-testi__wrap tm-testi__wrap--perview-1 tm-testi__wrap--shortcode swiper-container tm-testi-slider tm-testi--default' data-atts='{\"autoplay\":7000,\"effect\":\"slide\",\"loop\":true,\"slidesPerView\":1,\"spaceBetween\":15,\"breakpoints\":{\"1199\":{\"slidesPerView\":1,\"spaceBetween\":15},\"991\":{\"slidesPerView\":1,\"spaceBetween\":15},\"767\":{\"slidesPerView\":1,\"spaceBetween\":15}},\"id\":1}'><div class=\"tm-testi__list swiper-wrapper tm-testi-slider__items\"><div class=\"tm-testi__item swiper-slide tm-testi-slider__item\"><div class=\"tm-testi__inner\"><blockquote>\r\n\t<img decoding=\"async\" width=\"40\" height=\"40\" src=\"https:\/\/eckstein-wasserenthaerter.de\/wp-content\/uploads\/2022\/04\/unnamed-9.png\" class=\"tm-testi__item-avatar avatar wp-post-image\" alt=\"\" \/>\r\n\t<div class=\"tm-testi__item-body\">\r\n\t\t<p>Very pleasant contact, from the initial phone call and consultation to installation. We have had the system since the end of April and are very satisfied. After the first 3-4 days, we already noticed the difference in water quality. There are no stains on their shower cubicle or fittings. The kettle is like new...<\/p>\r\n\t\t<footer>\r\n\t\t\t<cite><span class=\"tm-testi__item-name\">Heiko Tr\u00e4ber &#8211; Google Review<\/span><\/cite>   \r\n\t\t<\/footer>\r\n\t<\/div>\r\n<\/blockquote><\/div><\/div><div class=\"tm-testi__item swiper-slide tm-testi-slider__item\"><div class=\"tm-testi__inner\"><blockquote>\r\n\t<img decoding=\"async\" width=\"40\" height=\"40\" src=\"https:\/\/eckstein-wasserenthaerter.de\/wp-content\/uploads\/2022\/04\/unnamed-8.png\" class=\"tm-testi__item-avatar avatar wp-post-image\" alt=\"\" \/>\r\n\t<div class=\"tm-testi__item-body\">\r\n\t\t<p>A great system!!! Easy installation by an experienced technician. First results after just a few days. Suddenly, no more ugly water stains in the shower cubicle. No more water filter needed for coffee and tea. Sink: just wipe it down quickly and it's clean! No more extra salt needed for the dishwasher. Taps: just wipe them down with a cloth and they're clean! We are really satisfied and happy...<\/p>\r\n\t\t<footer>\r\n\t\t\t<cite><span class=\"tm-testi__item-name\">Oliver Kreiten &#8211; Google Review<\/span><\/cite>   \r\n\t\t<\/footer>\r\n\t<\/div>\r\n<\/blockquote><\/div><\/div><div class=\"tm-testi__item swiper-slide tm-testi-slider__item\"><div class=\"tm-testi__inner\"><blockquote>\r\n\t<img loading=\"lazy\" decoding=\"async\" width=\"40\" height=\"40\" src=\"https:\/\/eckstein-wasserenthaerter.de\/wp-content\/uploads\/2022\/04\/unnamed-7.png\" class=\"tm-testi__item-avatar avatar wp-post-image\" alt=\"\" \/>\r\n\t<div class=\"tm-testi__item-body\">\r\n\t\t<p>Friendly contact. Good advice. Quick installation on 9 April 2021. We are a family of four and actually only need two bags of salt per year. However, our toilet flush gets its water from a cistern. Our annual water consumption has been around 100 cubic metres so far. The water hardness was previously between 15 and 18. The system is set to 6...<\/p>\r\n\t\t<footer>\r\n\t\t\t<cite><span class=\"tm-testi__item-name\">Rolf Harsch &#8211; Google Review<\/span><\/cite>   \r\n\t\t<\/footer>\r\n\t<\/div>\r\n<\/blockquote><\/div><\/div><\/div><div id=\"tm-testi-slider-next-1\" class=\"swiper-button-next tm-testi-slider__next\"><\/div><div  id=\"tm-testi-slider-prev-1\" class=\"swiper-button-prev tm-testi-slider__prev\"><\/div><\/div><\/div><\/div>\r\n\t\t\t\t\t\t<\/div>\n\t\t\t\t<\/div>\n\t\t\t\t\t<\/div>\n\t\t<\/div>\n\t\t\t\t\t<\/div>\n\t\t<\/section>\n\t\t\t\t<section class=\"elementor-section elementor-top-section elementor-element elementor-element-eca5a41 elementor-section-boxed elementor-section-height-default elementor-section-height-default\" data-id=\"eca5a41\" data-element_type=\"section\">\n\t\t\t\t\t\t<div class=\"elementor-container elementor-column-gap-default\">\n\t\t\t\t\t<div class=\"elementor-column elementor-col-100 elementor-top-column elementor-element elementor-element-9b1426d\" data-id=\"9b1426d\" data-element_type=\"column\">\n\t\t\t<div class=\"elementor-widget-wrap elementor-element-populated\">\n\t\t\t\t\t\t<div class=\"elementor-element elementor-element-f829a64 elementor-align-center elementor-widget elementor-widget-button\" data-id=\"f829a64\" data-element_type=\"widget\" data-widget_type=\"button.default\">\n\t\t\t\t<div class=\"elementor-widget-container\">\n\t\t\t\t\t\t\t\t\t<div class=\"elementor-button-wrapper\">\n\t\t\t\t\t<a class=\"elementor-button elementor-button-link elementor-size-md\" href=\"https:\/\/eckstein-wasserenthaerter.de\/en\/lp\/\">\n\t\t\t\t\t\t<span class=\"elementor-button-content-wrapper\">\n\t\t\t\t\t\t<span class=\"elementor-button-icon\">\n\t\t\t\t<i aria-hidden=\"true\" class=\"fas fa-chevron-right\"><\/i>\t\t\t<\/span>\n\t\t\t\t\t\t\t\t\t<span class=\"elementor-button-text\">Contact \/ Request brochure<\/span>\n\t\t\t\t\t<\/span>\n\t\t\t\t\t<\/a>\n\t\t\t\t<\/div>\n\t\t\t\t\t\t\t\t<\/div>\n\t\t\t\t<\/div>\n\t\t\t\t\t<\/div>\n\t\t<\/div>\n\t\t\t\t\t<\/div>\n\t\t<\/section>\n\t\t\t\t<\/div>","protected":false},"excerpt":{"rendered":"<p>Erfolgreich aus Erfahrung Seit \u00fcber 35 Jahren stehen Eckstein-Wasserenth\u00e4rter f\u00fcr modernste Technik und h\u00f6chste Lebensqualit\u00e4t. Denn \u00fcberall, wo hartes Wasser erw\u00e4rmt wird, f\u00e4llt Kalk aus. Warmwasserboiler, Durchlauferhitzer, Wasch-, Geschirrsp\u00fcl- und Kaffeemaschine verkalken besonders stark. Kalk verk\u00fcrzt nicht nur die Lebensdauer der Ger\u00e4te, sondern verursacht auch einen h\u00f6heren Energieverbrauch: \u21d2 pro Millimeter Kalkablagerung mehrere Prozente! Rohrleitungen, &hellip;<\/p>","protected":false},"author":1,"featured_media":0,"parent":0,"menu_order":0,"comment_status":"closed","ping_status":"closed","template":"","meta":{"footnotes":""},"class_list":["post-6","page","type-page","status-publish","hentry","has-thumb"],"_links":{"self":[{"href":"https:\/\/eckstein-wasserenthaerter.de\/en\/wp-json\/wp\/v2\/pages\/6","targetHints":{"allow":["GET"]}}],"collection":[{"href":"https:\/\/eckstein-wasserenthaerter.de\/en\/wp-json\/wp\/v2\/pages"}],"about":[{"href":"https:\/\/eckstein-wasserenthaerter.de\/en\/wp-json\/wp\/v2\/types\/page"}],"author":[{"embeddable":true,"href":"https:\/\/eckstein-wasserenthaerter.de\/en\/wp-json\/wp\/v2\/users\/1"}],"replies":[{"embeddable":true,"href":"https:\/\/eckstein-wasserenthaerter.de\/en\/wp-json\/wp\/v2\/comments?post=6"}],"version-history":[{"count":10,"href":"https:\/\/eckstein-wasserenthaerter.de\/en\/wp-json\/wp\/v2\/pages\/6\/revisions"}],"predecessor-version":[{"id":8108,"href":"https:\/\/eckstein-wasserenthaerter.de\/en\/wp-json\/wp\/v2\/pages\/6\/revisions\/8108"}],"wp:attachment":[{"href":"https:\/\/eckstein-wasserenthaerter.de\/en\/wp-json\/wp\/v2\/media?parent=6"}],"curies":[{"name":"wp","href":"https:\/\/api.w.org\/{rel}","templated":true}]}}