{"id":5000,"date":"2021-11-16T16:25:00","date_gmt":"2021-11-16T15:25:00","guid":{"rendered":"https:\/\/entwurf.eckstein-wasserenthaerter.de\/?page_id=5000"},"modified":"2025-09-17T11:32:10","modified_gmt":"2025-09-17T09:32:10","slug":"impressum","status":"publish","type":"page","link":"https:\/\/eckstein-wasserenthaerter.de\/en\/impressum\/","title":{"rendered":"Legal notice"},"content":{"rendered":"<div data-elementor-type=\"wp-page\" data-elementor-id=\"5000\" class=\"elementor elementor-5000\">\n\t\t\t\t\t\t<section class=\"elementor-section elementor-top-section elementor-element elementor-element-2bb75115 elementor-section-boxed elementor-section-height-default elementor-section-height-default\" data-id=\"2bb75115\" data-element_type=\"section\">\n\t\t\t\t\t\t<div class=\"elementor-container elementor-column-gap-default\">\n\t\t\t\t\t<div class=\"elementor-column elementor-col-100 elementor-top-column elementor-element elementor-element-5016ddc9\" data-id=\"5016ddc9\" data-element_type=\"column\">\n\t\t\t<div class=\"elementor-widget-wrap elementor-element-populated\">\n\t\t\t\t\t\t<div class=\"elementor-element elementor-element-49e80cee elementor-widget elementor-widget-text-editor\" data-id=\"49e80cee\" data-element_type=\"widget\" data-widget_type=\"text-editor.default\">\n\t\t\t\t<div class=\"elementor-widget-container\">\n\t\t\t\t\t\t\t\t\t<h6 style=\"text-align: center;\">\u00a0<\/h6><h2 style=\"text-align: center;\"><b>Legal notice<\/b><\/h2><p>Eckstein GmbH<br \/>Robert-Bosch-Stra\u00dfe 37<br \/>67227 Frankenthal<br \/>Tel. 0 62 33\/37 70-0<br \/>E-Mail: <a href=\"mailto:info@eckstein-wasserenthaerter.de\">info@eckstein-wasserenthaerter.de<\/a><\/p><p>Registergericht Ludwigshafen<br \/>HRB-Nr.: 21965<br \/>Managing Director: Wolfgang Math\u00e4\u00df<\/p><p>VAT identification number according to \u00a7 27 a Umsatzsteuergesetz: DE149136442<\/p><p>EU Commission's online dispute resolution platform:\u00a0<a href=\"https:\/\/ec.europa.eu\/odr\" target=\"_blank\" rel=\"noopener\">https:\/\/ec.europa.eu\/odr<\/a><\/p><p>We are neither obligated nor willing to participate in dispute resolution proceedings before a consumer arbitration board.<\/p><p><strong>Disclaimer<\/strong>: Despite careful review, we assume no liability for the content of external links. The operators of the linked websites are solely responsible for their content.<\/p><p><strong>Image sources<\/strong>: Own images, fotolia.de &amp; Thomas Petermann Photography (<a href=\"https:\/\/www.thomaspetermann.com\/\" target=\"_blank\" rel=\"noopener\">www.thomaspetermann.com<\/a>)<\/p><p><strong>Internet presence<\/strong>: <a href=\"https:\/\/strg-it.de\">Strg IT GmbH<\/a><\/p>\t\t\t\t\t\t\t\t<\/div>\n\t\t\t\t<\/div>\n\t\t\t\t\t<\/div>\n\t\t<\/div>\n\t\t\t\t\t<\/div>\n\t\t<\/section>\n\t\t\t\t<\/div>","protected":false},"excerpt":{"rendered":"<p>\u00a0 Impressum Eckstein GmbHRobert-Bosch-Stra\u00dfe 3767227 FrankenthalTel. 0 62 33\/37 70-0E-Mail: info@eckstein-wasserenthaerter.de Registergericht LudwigshafenHRB-Nr.: 21965Gesch\u00e4ftsf\u00fchrer: Wolfgang Math\u00e4\u00df Umsatzsteuer-Identifikationsnummer gem\u00e4\u00df \u00a7 27 a Umsatzsteuergesetz: DE149136442 Plattform der EU-Kommission zur Online-Streitbeilegung:\u00a0https:\/\/ec.europa.eu\/odr Wir sind zur Teilnahme an einem Streitbeilegungsverfahren vor einer Verbraucherschlichtungsstelle weder verpflichtet noch bereit. Haftungshinweis: Trotz sorgf\u00e4ltiger Kontrolle \u00fcbernehmen wir keine Haftung f\u00fcr die Inhalte externer Links. &hellip;<\/p>","protected":false},"author":1,"featured_media":0,"parent":0,"menu_order":0,"comment_status":"closed","ping_status":"closed","template":"","meta":{"footnotes":""},"class_list":["post-5000","page","type-page","status-publish","hentry","no-thumb"],"_links":{"self":[{"href":"https:\/\/eckstein-wasserenthaerter.de\/en\/wp-json\/wp\/v2\/pages\/5000","targetHints":{"allow":["GET"]}}],"collection":[{"href":"https:\/\/eckstein-wasserenthaerter.de\/en\/wp-json\/wp\/v2\/pages"}],"about":[{"href":"https:\/\/eckstein-wasserenthaerter.de\/en\/wp-json\/wp\/v2\/types\/page"}],"author":[{"embeddable":true,"href":"https:\/\/eckstein-wasserenthaerter.de\/en\/wp-json\/wp\/v2\/users\/1"}],"replies":[{"embeddable":true,"href":"https:\/\/eckstein-wasserenthaerter.de\/en\/wp-json\/wp\/v2\/comments?post=5000"}],"version-history":[{"count":10,"href":"https:\/\/eckstein-wasserenthaerter.de\/en\/wp-json\/wp\/v2\/pages\/5000\/revisions"}],"predecessor-version":[{"id":8279,"href":"https:\/\/eckstein-wasserenthaerter.de\/en\/wp-json\/wp\/v2\/pages\/5000\/revisions\/8279"}],"wp:attachment":[{"href":"https:\/\/eckstein-wasserenthaerter.de\/en\/wp-json\/wp\/v2\/media?parent=5000"}],"curies":[{"name":"wp","href":"https:\/\/api.w.org\/{rel}","templated":true}]}}