{"id":4059,"date":"2017-06-16T09:29:22","date_gmt":"2017-06-16T09:29:22","guid":{"rendered":"http:\/\/ld-wp.template-help.com\/wordpress_64485-sample\/?page_id=4059"},"modified":"2025-02-21T11:43:34","modified_gmt":"2025-02-21T10:43:34","slug":"home","status":"publish","type":"page","link":"https:\/\/eckstein-wasserenthaerter.de\/en\/","title":{"rendered":"Home"},"content":{"rendered":"<div data-elementor-type=\"wp-page\" data-elementor-id=\"4059\" class=\"elementor elementor-4059\">\n\t\t\t\t\t\t<section class=\"elementor-section elementor-top-section elementor-element elementor-element-g6qhgdh elementor-section-full_width elementor-section-height-default elementor-section-height-default\" data-id=\"g6qhgdh\" data-element_type=\"section\" id=\"test\" data-settings=\"{&quot;background_background&quot;:&quot;classic&quot;,&quot;animation&quot;:&quot;none&quot;}\">\n\t\t\t\t\t\t<div class=\"elementor-container elementor-column-gap-default\">\n\t\t\t\t\t<div class=\"elementor-column elementor-col-50 elementor-top-column elementor-element elementor-element-90ec07f\" data-id=\"90ec07f\" data-element_type=\"column\">\n\t\t\t<div class=\"elementor-widget-wrap\">\n\t\t\t\t\t\t\t<\/div>\n\t\t<\/div>\n\t\t\t\t<div class=\"elementor-column elementor-col-50 elementor-top-column elementor-element elementor-element-ccw4re4\" data-id=\"ccw4re4\" data-element_type=\"column\">\n\t\t\t<div class=\"elementor-widget-wrap elementor-element-populated\">\n\t\t\t\t\t\t<div class=\"elementor-element elementor-element-3etl8t4 elementor-widget elementor-widget-heading\" data-id=\"3etl8t4\" data-element_type=\"widget\" data-widget_type=\"heading.default\">\n\t\t\t\t<div class=\"elementor-widget-container\">\n\t\t\t\t\t<h2 class=\"elementor-heading-title elementor-size-default\">Water softeners from Eckstein<\/h2>\t\t\t\t<\/div>\n\t\t\t\t<\/div>\n\t\t\t\t<div class=\"elementor-element elementor-element-fd8nhfa elementor-widget elementor-widget-text-editor\" data-id=\"fd8nhfa\" data-element_type=\"widget\" data-widget_type=\"text-editor.default\">\n\t\t\t\t<div class=\"elementor-widget-container\">\n\t\t\t\t\t\t\t\t\t<h5>Visible, tangible, measurable \u2013 naturally soft water<\/h5>\t\t\t\t\t\t\t\t<\/div>\n\t\t\t\t<\/div>\n\t\t\t\t<div class=\"elementor-element elementor-element-zfi3lku elementor-widget elementor-widget-text-editor\" data-id=\"zfi3lku\" data-element_type=\"widget\" data-widget_type=\"text-editor.default\">\n\t\t\t\t<div class=\"elementor-widget-container\">\n\t\t\t\t\t\t\t\t\t<p>For over 35 years, our Eckstein water softeners have been providing you witmodern technology and innovative solutions for the highest quality of life.<\/p><p>An original Eckstein water softener guarantees soft, gentle water and prevents expensive limescale damage at an early stage. And it does so individually, according to your needs.<\/p><p>Limescale damage causes high costs and should be a thing of the past. When using soft water, limescale does not build up.<\/p><p>Look forward to sparkling clean bathroom fixtures, shower walls, and dishes. Your electrical appliances, whether irons or coffee makers, will not only look wonderfully shiny, they will also stay that way with our<br \/>Wasserenth\u00e4rter auch l\u00e4nger erhalten.<\/p><p>Protect your home before it's too late!<\/p>\t\t\t\t\t\t\t\t<\/div>\n\t\t\t\t<\/div>\n\t\t\t\t<div class=\"elementor-element elementor-element-fd2eef2 elementor-mobile-align-center elementor-widget elementor-widget-button\" data-id=\"fd2eef2\" data-element_type=\"widget\" data-widget_type=\"button.default\">\n\t\t\t\t<div class=\"elementor-widget-container\">\n\t\t\t\t\t\t\t\t\t<div class=\"elementor-button-wrapper\">\n\t\t\t\t\t<a class=\"elementor-button elementor-button-link elementor-size-md\" href=\"https:\/\/eckstein-wasserenthaerter.de\/en\/lp\/\">\n\t\t\t\t\t\t<span class=\"elementor-button-content-wrapper\">\n\t\t\t\t\t\t<span class=\"elementor-button-icon\">\n\t\t\t\t<i aria-hidden=\"true\" class=\"fas fa-chevron-right\"><\/i>\t\t\t<\/span>\n\t\t\t\t\t\t\t\t\t<span class=\"elementor-button-text\">Contact \/ Request brochure<\/span>\n\t\t\t\t\t<\/span>\n\t\t\t\t\t<\/a>\n\t\t\t\t<\/div>\n\t\t\t\t\t\t\t\t<\/div>\n\t\t\t\t<\/div>\n\t\t\t\t\t<\/div>\n\t\t<\/div>\n\t\t\t\t\t<\/div>\n\t\t<\/section>\n\t\t\t\t<section class=\"elementor-section elementor-top-section elementor-element elementor-element-03dbce0 elementor-section-full_width elementor-section-height-default elementor-section-height-default\" data-id=\"03dbce0\" data-element_type=\"section\" data-settings=\"{&quot;background_background&quot;:&quot;classic&quot;}\">\n\t\t\t\t\t\t<div class=\"elementor-container elementor-column-gap-extended\">\n\t\t\t\t\t<div class=\"elementor-column elementor-col-100 elementor-top-column elementor-element elementor-element-0273ced\" data-id=\"0273ced\" data-element_type=\"column\">\n\t\t\t<div class=\"elementor-widget-wrap elementor-element-populated\">\n\t\t\t\t\t\t<div class=\"elementor-element elementor-element-fa7603f elementor-widget elementor-widget-heading\" data-id=\"fa7603f\" data-element_type=\"widget\" data-widget_type=\"heading.default\">\n\t\t\t\t<div class=\"elementor-widget-container\">\n\t\t\t\t\t<h1 class=\"elementor-heading-title elementor-size-default\"><h2 style=\"text-align: center; white-space: normal;\">Our TOP water softeners<\/h2><b>Visible, tangible, measurable \u2013 naturally soft water<\/b><\/h1>\t\t\t\t<\/div>\n\t\t\t\t<\/div>\n\t\t\t\t\t<\/div>\n\t\t<\/div>\n\t\t\t\t\t<\/div>\n\t\t<\/section>\n\t\t\t\t<section class=\"elementor-section elementor-top-section elementor-element elementor-element-1d08ede elementor-section-boxed elementor-section-height-default elementor-section-height-default\" data-id=\"1d08ede\" data-element_type=\"section\">\n\t\t\t\t\t\t<div class=\"elementor-container elementor-column-gap-default\">\n\t\t\t\t\t<div class=\"elementor-column elementor-col-100 elementor-top-column elementor-element elementor-element-1a6850f\" data-id=\"1a6850f\" data-element_type=\"column\">\n\t\t\t<div class=\"elementor-widget-wrap elementor-element-populated\">\n\t\t\t\t\t\t<div class=\"elementor-element elementor-element-0ebd141 elementor-widget-divider--view-line_icon elementor-view-default elementor-widget-divider--element-align-center elementor-widget elementor-widget-divider\" data-id=\"0ebd141\" data-element_type=\"widget\" data-widget_type=\"divider.default\">\n\t\t\t\t<div class=\"elementor-widget-container\">\n\t\t\t\t\t\t\t<div class=\"elementor-divider\">\n\t\t\t<span class=\"elementor-divider-separator\">\n\t\t\t\t\t\t\t<div class=\"elementor-icon elementor-divider__element\">\n\t\t\t\t\t<i aria-hidden=\"true\" class=\"fas fa-star\"><\/i><\/div>\n\t\t\t\t\t\t<\/span>\n\t\t<\/div>\n\t\t\t\t\t\t<\/div>\n\t\t\t\t<\/div>\n\t\t\t\t\t<\/div>\n\t\t<\/div>\n\t\t\t\t\t<\/div>\n\t\t<\/section>\n\t\t\t\t<section class=\"elementor-section elementor-top-section elementor-element elementor-element-14acccf elementor-section-boxed elementor-section-height-default elementor-section-height-default\" data-id=\"14acccf\" data-element_type=\"section\">\n\t\t\t\t\t\t<div class=\"elementor-container elementor-column-gap-default\">\n\t\t\t\t\t<div class=\"elementor-column elementor-col-33 elementor-top-column elementor-element elementor-element-3708055\" data-id=\"3708055\" data-element_type=\"column\">\n\t\t\t<div class=\"elementor-widget-wrap elementor-element-populated\">\n\t\t\t\t\t\t<div class=\"elementor-element elementor-element-7ebbd4b elementor-widget elementor-widget-text-editor\" data-id=\"7ebbd4b\" data-element_type=\"widget\" data-widget_type=\"text-editor.default\">\n\t\t\t\t<div class=\"elementor-widget-container\">\n\t\t\t\t\t\t\t\t\t<h2 class=\"ce_headline first\">CDI<\/h2><h6>The space-saving compact system<\/h6><h6>\u00a0<\/h6><p><img fetchpriority=\"high\" decoding=\"async\" class=\"aligncenter wp-image-7967 size-large\" src=\"https:\/\/eckstein-wasserenthaerter.de\/wp-content\/uploads\/2023\/05\/Anlagen-Schwarz-1024x683.png\" alt=\"\" width=\"710\" height=\"474\" srcset=\"https:\/\/eckstein-wasserenthaerter.de\/wp-content\/uploads\/2023\/05\/Anlagen-Schwarz-1024x683.png 1024w, https:\/\/eckstein-wasserenthaerter.de\/wp-content\/uploads\/2023\/05\/Anlagen-Schwarz-300x200.png 300w, https:\/\/eckstein-wasserenthaerter.de\/wp-content\/uploads\/2023\/05\/Anlagen-Schwarz-768x512.png 768w, https:\/\/eckstein-wasserenthaerter.de\/wp-content\/uploads\/2023\/05\/Anlagen-Schwarz-1536x1024.png 1536w, https:\/\/eckstein-wasserenthaerter.de\/wp-content\/uploads\/2023\/05\/Anlagen-Schwarz-2048x1365.png 2048w\" sizes=\"(max-width: 710px) 100vw, 710px\" \/><\/p><p>Filtration and regeneration are fully automatic and require no operation whatsoever. <br \/><span style=\"letter-spacing: 0px; text-align: center;\">The electronic series even adjusts individually to different water consumption levels. <\/span><span style=\"letter-spacing: 0px; text-align: center;\">The multifunctional LED display ensures transparent process flows. Each function depth can be adjusted precisely.<\/span><\/p>\t\t\t\t\t\t\t\t<\/div>\n\t\t\t\t<\/div>\n\t\t\t\t\t<\/div>\n\t\t<\/div>\n\t\t\t\t<div class=\"elementor-column elementor-col-33 elementor-top-column elementor-element elementor-element-2e9029a\" data-id=\"2e9029a\" data-element_type=\"column\">\n\t\t\t<div class=\"elementor-widget-wrap elementor-element-populated\">\n\t\t\t\t\t\t<div class=\"elementor-element elementor-element-e071cc9 elementor-widget elementor-widget-text-editor\" data-id=\"e071cc9\" data-element_type=\"widget\" data-widget_type=\"text-editor.default\">\n\t\t\t\t<div class=\"elementor-widget-container\">\n\t\t\t\t\t\t\t\t\t<h2 class=\"ce_headline first\">SVD<\/h2><h6>The patented innovation without electricity<\/h6><div>\u00a0<\/div><div class=\"ce_image baureihe block\"><img decoding=\"async\" class=\"alignnone size-medium wp-image-5969\" src=\"https:\/\/eckstein-wasserenthaerter.de\/wp-content\/uploads\/2022\/06\/SVD2-Neu-300x300.png\" alt=\"\" width=\"300\" height=\"300\" srcset=\"https:\/\/eckstein-wasserenthaerter.de\/wp-content\/uploads\/2022\/06\/SVD2-Neu-300x300.png 300w, https:\/\/eckstein-wasserenthaerter.de\/wp-content\/uploads\/2022\/06\/SVD2-Neu-1024x1024.png 1024w, https:\/\/eckstein-wasserenthaerter.de\/wp-content\/uploads\/2022\/06\/SVD2-Neu-150x150.png 150w, https:\/\/eckstein-wasserenthaerter.de\/wp-content\/uploads\/2022\/06\/SVD2-Neu-768x768.png 768w, https:\/\/eckstein-wasserenthaerter.de\/wp-content\/uploads\/2022\/06\/SVD2-Neu.png 1315w\" sizes=\"(max-width: 300px) 100vw, 300px\" \/><\/div><p><span style=\"color: var( --e-global-color-text ); font-family: var( --e-global-typography-text-font-family ), Sans-serif; font-weight: var( --e-global-typography-text-font-weight ); letter-spacing: 0px;\"><br \/>The SVD series is available as a single or dual system and is robust and reliable.<\/span><\/p><p>The water softener operates completely without electricity and is controlled purely by the set hardness and water flow.<\/p>\t\t\t\t\t\t\t\t<\/div>\n\t\t\t\t<\/div>\n\t\t\t\t\t<\/div>\n\t\t<\/div>\n\t\t\t\t<div class=\"elementor-column elementor-col-33 elementor-top-column elementor-element elementor-element-f160d91\" data-id=\"f160d91\" data-element_type=\"column\">\n\t\t\t<div class=\"elementor-widget-wrap elementor-element-populated\">\n\t\t\t\t\t\t<div class=\"elementor-element elementor-element-6d99dc0 elementor-widget elementor-widget-text-editor\" data-id=\"6d99dc0\" data-element_type=\"widget\" data-widget_type=\"text-editor.default\">\n\t\t\t\t<div class=\"elementor-widget-container\">\n\t\t\t\t\t\t\t\t\t<h2 class=\"ce_headline first\">SE<\/h2><h6>For industry &amp; multi-unit buildings<\/h6><div class=\"ce_image baureihe block\">\u00a0<\/div><div class=\"ce_image baureihe block\"><img decoding=\"async\" class=\"alignnone size-medium wp-image-5981\" src=\"https:\/\/eckstein-wasserenthaerter.de\/wp-content\/uploads\/2022\/06\/descalcificador-bi-bloc-autotrol-255-300x300.jpg\" alt=\"\" width=\"300\" height=\"300\" srcset=\"https:\/\/eckstein-wasserenthaerter.de\/wp-content\/uploads\/2022\/06\/descalcificador-bi-bloc-autotrol-255-300x300.jpg 300w, https:\/\/eckstein-wasserenthaerter.de\/wp-content\/uploads\/2022\/06\/descalcificador-bi-bloc-autotrol-255-150x150.jpg 150w, https:\/\/eckstein-wasserenthaerter.de\/wp-content\/uploads\/2022\/06\/descalcificador-bi-bloc-autotrol-255-768x768.jpg 768w, https:\/\/eckstein-wasserenthaerter.de\/wp-content\/uploads\/2022\/06\/descalcificador-bi-bloc-autotrol-255.jpg 800w\" sizes=\"(max-width: 300px) 100vw, 300px\" \/><\/div><p><span style=\"color: var( --e-global-color-text ); font-family: var( --e-global-typography-text-font-family ), Sans-serif; font-weight: var( --e-global-typography-text-font-weight ); letter-spacing: 0px;\"><br \/>Enjoy all the benefits of our CDI system, only bigger.<\/span><\/p><p>With this system, which is individually designed to meet the required water volume, we can easily and simply treat even high water consumption.<\/p>\t\t\t\t\t\t\t\t<\/div>\n\t\t\t\t<\/div>\n\t\t\t\t\t<\/div>\n\t\t<\/div>\n\t\t\t\t\t<\/div>\n\t\t<\/section>\n\t\t\t\t<section class=\"elementor-section elementor-top-section elementor-element elementor-element-67e593a elementor-section-boxed elementor-section-height-default elementor-section-height-default\" data-id=\"67e593a\" data-element_type=\"section\" data-settings=\"{&quot;background_background&quot;:&quot;classic&quot;}\">\n\t\t\t\t\t\t<div class=\"elementor-container elementor-column-gap-default\">\n\t\t\t\t\t<div class=\"elementor-column elementor-col-100 elementor-top-column elementor-element elementor-element-db433cf\" data-id=\"db433cf\" data-element_type=\"column\">\n\t\t\t<div class=\"elementor-widget-wrap elementor-element-populated\">\n\t\t\t\t\t\t<div class=\"elementor-element elementor-element-2ef0ff2 elementor-widget elementor-widget-accordion\" data-id=\"2ef0ff2\" data-element_type=\"widget\" data-widget_type=\"accordion.default\">\n\t\t\t\t<div class=\"elementor-widget-container\">\n\t\t\t\t\t\t\t<div class=\"elementor-accordion\">\n\t\t\t\t\t\t\t<div class=\"elementor-accordion-item\">\n\t\t\t\t\t<div id=\"elementor-tab-title-4921\" class=\"elementor-tab-title\" data-tab=\"1\" role=\"button\" aria-controls=\"elementor-tab-content-4921\" aria-expanded=\"false\">\n\t\t\t\t\t\t\t\t\t\t\t\t\t<span class=\"elementor-accordion-icon elementor-accordion-icon-left\" aria-hidden=\"true\">\n\t\t\t\t\t\t\t\t\t\t\t\t\t\t\t<span class=\"elementor-accordion-icon-closed\"><i class=\"fas fa-plus\"><\/i><\/span>\n\t\t\t\t\t\t\t\t<span class=\"elementor-accordion-icon-opened\"><i class=\"fas fa-minus\"><\/i><\/span>\n\t\t\t\t\t\t\t\t\t\t\t\t\t\t<\/span>\n\t\t\t\t\t\t\t\t\t\t\t\t<a class=\"elementor-accordion-title\" tabindex=\"0\">Low inspection and maintenance costs<\/a>\n\t\t\t\t\t<\/div>\n\t\t\t\t\t<div id=\"elementor-tab-content-4921\" class=\"elementor-tab-content elementor-clearfix\" data-tab=\"1\" role=\"region\" aria-labelledby=\"elementor-tab-title-4921\"><p>To ensure reliable operation, all safety devices on the system and the tightness of the connection must be inspected at regular intervals and cleaned or serviced as necessary. The exact scope of inspection and maintenance is specified in the operating instructions. Regular inspection and maintenance work can be carried out by the user themselves \u2013 regular maintenance by us is not necessary. In addition, water hardness and salt consumption should be checked regularly.<\/p><\/div>\n\t\t\t\t<\/div>\n\t\t\t\t\t\t\t<div class=\"elementor-accordion-item\">\n\t\t\t\t\t<div id=\"elementor-tab-title-4922\" class=\"elementor-tab-title\" data-tab=\"2\" role=\"button\" aria-controls=\"elementor-tab-content-4922\" aria-expanded=\"false\">\n\t\t\t\t\t\t\t\t\t\t\t\t\t<span class=\"elementor-accordion-icon elementor-accordion-icon-left\" aria-hidden=\"true\">\n\t\t\t\t\t\t\t\t\t\t\t\t\t\t\t<span class=\"elementor-accordion-icon-closed\"><i class=\"fas fa-plus\"><\/i><\/span>\n\t\t\t\t\t\t\t\t<span class=\"elementor-accordion-icon-opened\"><i class=\"fas fa-minus\"><\/i><\/span>\n\t\t\t\t\t\t\t\t\t\t\t\t\t\t<\/span>\n\t\t\t\t\t\t\t\t\t\t\t\t<a class=\"elementor-accordion-title\" tabindex=\"0\">Consumption-controlled and fully automatic with proven technology<\/a>\n\t\t\t\t\t<\/div>\n\t\t\t\t\t<div id=\"elementor-tab-content-4922\" class=\"elementor-tab-content elementor-clearfix\" data-tab=\"2\" role=\"region\" aria-labelledby=\"elementor-tab-title-4922\"><p>Filtration and regeneration are fully automatic and require no operation whatsoever. The electronic series even adjusts individually to different water consumption levels. The LED display with multiple functions ensures transparent process flows. Each function depth can be precisely programmed.<\/p><\/div>\n\t\t\t\t<\/div>\n\t\t\t\t\t\t\t<div class=\"elementor-accordion-item\">\n\t\t\t\t\t<div id=\"elementor-tab-title-4923\" class=\"elementor-tab-title\" data-tab=\"3\" role=\"button\" aria-controls=\"elementor-tab-content-4923\" aria-expanded=\"false\">\n\t\t\t\t\t\t\t\t\t\t\t\t\t<span class=\"elementor-accordion-icon elementor-accordion-icon-left\" aria-hidden=\"true\">\n\t\t\t\t\t\t\t\t\t\t\t\t\t\t\t<span class=\"elementor-accordion-icon-closed\"><i class=\"fas fa-plus\"><\/i><\/span>\n\t\t\t\t\t\t\t\t<span class=\"elementor-accordion-icon-opened\"><i class=\"fas fa-minus\"><\/i><\/span>\n\t\t\t\t\t\t\t\t\t\t\t\t\t\t<\/span>\n\t\t\t\t\t\t\t\t\t\t\t\t<a class=\"elementor-accordion-title\" tabindex=\"0\">Low operating costs<\/a>\n\t\t\t\t\t<\/div>\n\t\t\t\t\t<div id=\"elementor-tab-content-4923\" class=\"elementor-tab-content elementor-clearfix\" data-tab=\"3\" role=\"region\" aria-labelledby=\"elementor-tab-title-4923\"><p>Thanks to the cost-saving multi-phase flushing system, operating costs are minimal and will impress even the most critical calculators.<\/p><\/div>\n\t\t\t\t<\/div>\n\t\t\t\t\t\t\t<div class=\"elementor-accordion-item\">\n\t\t\t\t\t<div id=\"elementor-tab-title-4924\" class=\"elementor-tab-title\" data-tab=\"4\" role=\"button\" aria-controls=\"elementor-tab-content-4924\" aria-expanded=\"false\">\n\t\t\t\t\t\t\t\t\t\t\t\t\t<span class=\"elementor-accordion-icon elementor-accordion-icon-left\" aria-hidden=\"true\">\n\t\t\t\t\t\t\t\t\t\t\t\t\t\t\t<span class=\"elementor-accordion-icon-closed\"><i class=\"fas fa-plus\"><\/i><\/span>\n\t\t\t\t\t\t\t\t<span class=\"elementor-accordion-icon-opened\"><i class=\"fas fa-minus\"><\/i><\/span>\n\t\t\t\t\t\t\t\t\t\t\t\t\t\t<\/span>\n\t\t\t\t\t\t\t\t\t\t\t\t<a class=\"elementor-accordion-title\" tabindex=\"0\">Various sizes and designs<\/a>\n\t\t\t\t\t<\/div>\n\t\t\t\t\t<div id=\"elementor-tab-content-4924\" class=\"elementor-tab-content elementor-clearfix\" data-tab=\"4\" role=\"region\" aria-labelledby=\"elementor-tab-title-4924\"><p>Eckstein water softeners are available in various sizes and designs \u2013 tailored to your needs.<\/p><\/div>\n\t\t\t\t<\/div>\n\t\t\t\t\t\t\t<div class=\"elementor-accordion-item\">\n\t\t\t\t\t<div id=\"elementor-tab-title-4925\" class=\"elementor-tab-title\" data-tab=\"5\" role=\"button\" aria-controls=\"elementor-tab-content-4925\" aria-expanded=\"false\">\n\t\t\t\t\t\t\t\t\t\t\t\t\t<span class=\"elementor-accordion-icon elementor-accordion-icon-left\" aria-hidden=\"true\">\n\t\t\t\t\t\t\t\t\t\t\t\t\t\t\t<span class=\"elementor-accordion-icon-closed\"><i class=\"fas fa-plus\"><\/i><\/span>\n\t\t\t\t\t\t\t\t<span class=\"elementor-accordion-icon-opened\"><i class=\"fas fa-minus\"><\/i><\/span>\n\t\t\t\t\t\t\t\t\t\t\t\t\t\t<\/span>\n\t\t\t\t\t\t\t\t\t\t\t\t<a class=\"elementor-accordion-title\" tabindex=\"0\">Environmentally friendly<\/a>\n\t\t\t\t\t<\/div>\n\t\t\t\t\t<div id=\"elementor-tab-content-4925\" class=\"elementor-tab-content elementor-clearfix\" data-tab=\"5\" role=\"region\" aria-labelledby=\"elementor-tab-title-4925\"><p>The method of working without chemical additives is entirely in line with today's environmental requirements. In addition, you save on detergents and cleaning agents as well as energy.<\/p><\/div>\n\t\t\t\t<\/div>\n\t\t\t\t\t\t\t<div class=\"elementor-accordion-item\">\n\t\t\t\t\t<div id=\"elementor-tab-title-4926\" class=\"elementor-tab-title\" data-tab=\"6\" role=\"button\" aria-controls=\"elementor-tab-content-4926\" aria-expanded=\"false\">\n\t\t\t\t\t\t\t\t\t\t\t\t\t<span class=\"elementor-accordion-icon elementor-accordion-icon-left\" aria-hidden=\"true\">\n\t\t\t\t\t\t\t\t\t\t\t\t\t\t\t<span class=\"elementor-accordion-icon-closed\"><i class=\"fas fa-plus\"><\/i><\/span>\n\t\t\t\t\t\t\t\t<span class=\"elementor-accordion-icon-opened\"><i class=\"fas fa-minus\"><\/i><\/span>\n\t\t\t\t\t\t\t\t\t\t\t\t\t\t<\/span>\n\t\t\t\t\t\t\t\t\t\t\t\t<a class=\"elementor-accordion-title\" tabindex=\"0\">Certifications<\/a>\n\t\t\t\t\t<\/div>\n\t\t\t\t\t<div id=\"elementor-tab-content-4926\" class=\"elementor-tab-content elementor-clearfix\" data-tab=\"6\" role=\"region\" aria-labelledby=\"elementor-tab-title-4926\"><p data-olk-copy-source=\"MessageBody\">Certified according to:<br \/>KTW, NSF, CE, ACS, ROHS<\/p><\/div>\n\t\t\t\t<\/div>\n\t\t\t\t\t\t\t<div class=\"elementor-accordion-item\">\n\t\t\t\t\t<div id=\"elementor-tab-title-4927\" class=\"elementor-tab-title\" data-tab=\"7\" role=\"button\" aria-controls=\"elementor-tab-content-4927\" aria-expanded=\"false\">\n\t\t\t\t\t\t\t\t\t\t\t\t\t<span class=\"elementor-accordion-icon elementor-accordion-icon-left\" aria-hidden=\"true\">\n\t\t\t\t\t\t\t\t\t\t\t\t\t\t\t<span class=\"elementor-accordion-icon-closed\"><i class=\"fas fa-plus\"><\/i><\/span>\n\t\t\t\t\t\t\t\t<span class=\"elementor-accordion-icon-opened\"><i class=\"fas fa-minus\"><\/i><\/span>\n\t\t\t\t\t\t\t\t\t\t\t\t\t\t<\/span>\n\t\t\t\t\t\t\t\t\t\t\t\t<a class=\"elementor-accordion-title\" tabindex=\"0\">Performance<\/a>\n\t\t\t\t\t<\/div>\n\t\t\t\t\t<div id=\"elementor-tab-content-4927\" class=\"elementor-tab-content elementor-clearfix\" data-tab=\"7\" role=\"region\" aria-labelledby=\"elementor-tab-title-4927\"><p>All Eckstein water softeners deliver original Eckstein soft water.<\/p><\/div>\n\t\t\t\t<\/div>\n\t\t\t\t\t\t\t\t<\/div>\n\t\t\t\t\t\t<\/div>\n\t\t\t\t<\/div>\n\t\t\t\t\t<\/div>\n\t\t<\/div>\n\t\t\t\t\t<\/div>\n\t\t<\/section>\n\t\t\t\t<section class=\"elementor-section elementor-top-section elementor-element elementor-element-09be963 elementor-section-height-min-height elementor-section-items-top elementor-section-boxed elementor-section-height-default\" data-id=\"09be963\" data-element_type=\"section\" data-settings=\"{&quot;background_background&quot;:&quot;classic&quot;}\">\n\t\t\t\t\t\t<div class=\"elementor-container elementor-column-gap-wider\">\n\t\t\t\t\t<div class=\"elementor-column elementor-col-100 elementor-top-column elementor-element elementor-element-282058d\" data-id=\"282058d\" data-element_type=\"column\">\n\t\t\t<div class=\"elementor-widget-wrap elementor-element-populated\">\n\t\t\t\t\t\t<div class=\"elementor-element elementor-element-fe9b3ec elementor-align-center elementor-widget elementor-widget-button\" data-id=\"fe9b3ec\" data-element_type=\"widget\" data-widget_type=\"button.default\">\n\t\t\t\t<div class=\"elementor-widget-container\">\n\t\t\t\t\t\t\t\t\t<div class=\"elementor-button-wrapper\">\n\t\t\t\t\t<a class=\"elementor-button elementor-button-link elementor-size-md\" href=\"https:\/\/eckstein-wasserenthaerter.de\/en\/lp\/\">\n\t\t\t\t\t\t<span class=\"elementor-button-content-wrapper\">\n\t\t\t\t\t\t<span class=\"elementor-button-icon\">\n\t\t\t\t<i aria-hidden=\"true\" class=\"fas fa-chevron-right\"><\/i>\t\t\t<\/span>\n\t\t\t\t\t\t\t\t\t<span class=\"elementor-button-text\">Contact \/ Request brochure<\/span>\n\t\t\t\t\t<\/span>\n\t\t\t\t\t<\/a>\n\t\t\t\t<\/div>\n\t\t\t\t\t\t\t\t<\/div>\n\t\t\t\t<\/div>\n\t\t\t\t\t<\/div>\n\t\t<\/div>\n\t\t\t\t\t<\/div>\n\t\t<\/section>\n\t\t\t\t<\/div>","protected":false},"excerpt":{"rendered":"<p>Wasserenth\u00e4rter von Eckstein sichtbar, f\u00fchlbar, messbar \u2013 nat\u00fcrlich weiches Wasser Mit unseren Eckstein-Wasserenth\u00e4rtern stehen Ihnen seit \u00fcber 35 Jahren, modernste Technik und innovative L\u00f6sungen f\u00fcr h\u00f6chste Lebensqualit\u00e4t zur Verf\u00fcgung. Ein original Eckstein-Wasserenth\u00e4rter ist Garantie f\u00fcr weiches, sanftes Wasser und beugt teuren Kalksch\u00e4den fr\u00fchzeitig vor. Und das ganz individuell nach Ihren Bed\u00fcrfnissen. Kalksch\u00e4den verursachen hohe Kosten &hellip;<\/p>","protected":false},"author":1,"featured_media":0,"parent":0,"menu_order":0,"comment_status":"closed","ping_status":"closed","template":"","meta":{"footnotes":""},"class_list":["post-4059","page","type-page","status-publish","hentry","no-thumb"],"_links":{"self":[{"href":"https:\/\/eckstein-wasserenthaerter.de\/en\/wp-json\/wp\/v2\/pages\/4059","targetHints":{"allow":["GET"]}}],"collection":[{"href":"https:\/\/eckstein-wasserenthaerter.de\/en\/wp-json\/wp\/v2\/pages"}],"about":[{"href":"https:\/\/eckstein-wasserenthaerter.de\/en\/wp-json\/wp\/v2\/types\/page"}],"author":[{"embeddable":true,"href":"https:\/\/eckstein-wasserenthaerter.de\/en\/wp-json\/wp\/v2\/users\/1"}],"replies":[{"embeddable":true,"href":"https:\/\/eckstein-wasserenthaerter.de\/en\/wp-json\/wp\/v2\/comments?post=4059"}],"version-history":[{"count":10,"href":"https:\/\/eckstein-wasserenthaerter.de\/en\/wp-json\/wp\/v2\/pages\/4059\/revisions"}],"predecessor-version":[{"id":8235,"href":"https:\/\/eckstein-wasserenthaerter.de\/en\/wp-json\/wp\/v2\/pages\/4059\/revisions\/8235"}],"wp:attachment":[{"href":"https:\/\/eckstein-wasserenthaerter.de\/en\/wp-json\/wp\/v2\/media?parent=4059"}],"curies":[{"name":"wp","href":"https:\/\/api.w.org\/{rel}","templated":true}]}}